{"id":20505,"date":"2022-11-17T14:03:26","date_gmt":"2022-11-17T13:03:26","guid":{"rendered":"https:\/\/biomex.de\/?page_id=20505"},"modified":"2026-01-27T12:26:57","modified_gmt":"2026-01-27T11:26:57","slug":"impressum","status":"publish","type":"page","link":"https:\/\/biomex.de\/de\/impressum\/","title":{"rendered":"Impressum"},"content":{"rendered":"\t\t<div data-elementor-type=\"wp-page\" data-elementor-id=\"20505\" class=\"elementor elementor-20505 elementor-210\" data-elementor-post-type=\"page\">\n\t\t\t\t\t\t<section class=\"elementor-section elementor-top-section elementor-element elementor-element-6c760b8 elementor-section-boxed elementor-section-height-default elementor-section-height-default\" data-id=\"6c760b8\" data-element_type=\"section\" data-e-type=\"section\">\n\t\t\t\t\t\t<div class=\"elementor-container elementor-column-gap-default\">\n\t\t\t\t\t<div class=\"elementor-column elementor-col-100 elementor-top-column elementor-element elementor-element-f57e99b\" data-id=\"f57e99b\" data-element_type=\"column\" data-e-type=\"column\">\n\t\t\t<div class=\"elementor-widget-wrap elementor-element-populated\">\n\t\t\t\t\t\t<div class=\"elementor-element elementor-element-eef339a elementor-widget elementor-widget-spacer\" data-id=\"eef339a\" data-element_type=\"widget\" data-e-type=\"widget\" data-widget_type=\"spacer.default\">\n\t\t\t\t<div class=\"elementor-widget-container\">\n\t\t\t\t\t\t\t<div class=\"elementor-spacer\">\n\t\t\t<div class=\"elementor-spacer-inner\"><\/div>\n\t\t<\/div>\n\t\t\t\t\t\t<\/div>\n\t\t\t\t<\/div>\n\t\t\t\t<div class=\"elementor-element elementor-element-97746ce elementor-widget elementor-widget-heading\" data-id=\"97746ce\" data-element_type=\"widget\" data-e-type=\"widget\" data-widget_type=\"heading.default\">\n\t\t\t\t<div class=\"elementor-widget-container\">\n\t\t\t\t\t<h1 class=\"elementor-heading-title elementor-size-default\">Impressum<\/h1>\t\t\t\t<\/div>\n\t\t\t\t<\/div>\n\t\t\t\t<div class=\"elementor-element elementor-element-cf4edf6 elementor-widget elementor-widget-text-editor\" data-id=\"cf4edf6\" data-element_type=\"widget\" data-e-type=\"widget\" data-widget_type=\"text-editor.default\">\n\t\t\t\t<div class=\"elementor-widget-container\">\n\t\t\t\t\t\t\t\t\t<header><\/header><p><strong>BIOMEX GmbH<\/strong><br \/>Siemensstra\u00dfe 38<br \/>69123 Heidelberg<br \/>GERMANY<\/p><p><strong>t \u00a0<\/strong>+49 6221 4166-0<br \/><strong>f<\/strong>\u00a0 \u00a0+49 6221 4166-190<br \/><strong>e<\/strong>\u00a0 info (at) biomex.de<\/p><p><strong>UST-Ident-Nr.:<\/strong> DE143837692<br \/><strong>Sitz der Gesellschaft:<\/strong> Heidelberg, Handelsregister HD HRB 337813<br \/><strong>Amtsgericht:<\/strong> Mannheim<br \/><strong>Gesch\u00e4ftsf\u00fchre<\/strong><b>r:<\/b> Dipl.-Chem., Dipl.-Kfm. Oliver Bo\u0161njak<\/p>\t\t\t\t\t\t\t\t<\/div>\n\t\t\t\t<\/div>\n\t\t\t\t<div class=\"elementor-element elementor-element-0851824 elementor-widget elementor-widget-spacer\" data-id=\"0851824\" data-element_type=\"widget\" data-e-type=\"widget\" data-widget_type=\"spacer.default\">\n\t\t\t\t<div class=\"elementor-widget-container\">\n\t\t\t\t\t\t\t<div class=\"elementor-spacer\">\n\t\t\t<div class=\"elementor-spacer-inner\"><\/div>\n\t\t<\/div>\n\t\t\t\t\t\t<\/div>\n\t\t\t\t<\/div>\n\t\t\t\t\t<\/div>\n\t\t<\/div>\n\t\t\t\t\t<\/div>\n\t\t<\/section>\n\t\t\t\t<\/div>\n\t\t","protected":false},"excerpt":{"rendered":"<p>Impressum BIOMEX GmbHSiemensstra\u00dfe 3869123 HeidelbergGERMANY t \u00a0+49 6221 4166-0f\u00a0 \u00a0+49 6221 4166-190e\u00a0 info (at) biomex.de UST-Ident-Nr.: DE143837692Sitz der Gesellschaft: Heidelberg, Handelsregister HD HRB 337813Amtsgericht: MannheimGesch\u00e4ftsf\u00fchrer: Dipl.-Chem., Dipl.-Kfm. Oliver Bo\u0161njak<\/p>\n","protected":false},"author":7,"featured_media":0,"parent":0,"menu_order":2,"comment_status":"closed","ping_status":"closed","template":"","meta":{"_acf_changed":false,"inline_featured_image":false,"footnotes":""},"class_list":["post-20505","page","type-page","status-publish","hentry"],"acf":[],"yoast_head":"<!-- This site is optimized with the Yoast SEO plugin v27.4 - https:\/\/yoast.com\/product\/yoast-seo-wordpress\/ -->\n<title>Impressum - BIOMEX<\/title>\n<meta name=\"robots\" content=\"index, follow, max-snippet:-1, max-image-preview:large, max-video-preview:-1\" \/>\n<link rel=\"canonical\" href=\"https:\/\/biomex.de\/de\/impressum\/\" \/>\n<meta property=\"og:locale\" content=\"de_DE\" \/>\n<meta property=\"og:type\" content=\"article\" \/>\n<meta property=\"og:title\" content=\"Impressum - BIOMEX\" \/>\n<meta property=\"og:description\" content=\"Impressum BIOMEX GmbHSiemensstra\u00dfe 3869123 HeidelbergGERMANY t \u00a0+49 6221 4166-0f\u00a0 \u00a0+49 6221 4166-190e\u00a0 info (at) biomex.de UST-Ident-Nr.: DE143837692Sitz der Gesellschaft: Heidelberg, Handelsregister HD HRB 337813Amtsgericht: MannheimGesch\u00e4ftsf\u00fchrer: Dipl.-Chem., Dipl.-Kfm. Oliver Bo\u0161njak\" \/>\n<meta property=\"og:url\" content=\"https:\/\/biomex.de\/de\/impressum\/\" \/>\n<meta property=\"og:site_name\" content=\"BIOMEX\" \/>\n<meta property=\"article:modified_time\" content=\"2026-01-27T11:26:57+00:00\" \/>\n<meta name=\"twitter:card\" content=\"summary_large_image\" \/>\n<meta name=\"twitter:label1\" content=\"Gesch\u00e4tzte Lesezeit\" \/>\n\t<meta name=\"twitter:data1\" content=\"1\u00a0Minute\" \/>\n<script type=\"application\/ld+json\" class=\"yoast-schema-graph\">{\"@context\":\"https:\\\/\\\/schema.org\",\"@graph\":[{\"@type\":\"WebPage\",\"@id\":\"https:\\\/\\\/biomex.de\\\/de\\\/impressum\\\/\",\"url\":\"https:\\\/\\\/biomex.de\\\/de\\\/impressum\\\/\",\"name\":\"Impressum - BIOMEX\",\"isPartOf\":{\"@id\":\"https:\\\/\\\/biomex.de\\\/de\\\/#website\"},\"datePublished\":\"2022-11-17T13:03:26+00:00\",\"dateModified\":\"2026-01-27T11:26:57+00:00\",\"breadcrumb\":{\"@id\":\"https:\\\/\\\/biomex.de\\\/de\\\/impressum\\\/#breadcrumb\"},\"inLanguage\":\"de\",\"potentialAction\":[{\"@type\":\"ReadAction\",\"target\":[\"https:\\\/\\\/biomex.de\\\/de\\\/impressum\\\/\"]}]},{\"@type\":\"BreadcrumbList\",\"@id\":\"https:\\\/\\\/biomex.de\\\/de\\\/impressum\\\/#breadcrumb\",\"itemListElement\":[{\"@type\":\"ListItem\",\"position\":1,\"name\":\"Home\",\"item\":\"https:\\\/\\\/biomex.de\\\/de\\\/\"},{\"@type\":\"ListItem\",\"position\":2,\"name\":\"Impressum\"}]},{\"@type\":\"WebSite\",\"@id\":\"https:\\\/\\\/biomex.de\\\/de\\\/#website\",\"url\":\"https:\\\/\\\/biomex.de\\\/de\\\/\",\"name\":\"BIOMEX\",\"description\":\"EMPOWERING EXPERTS\",\"publisher\":{\"@id\":\"https:\\\/\\\/biomex.de\\\/de\\\/#organization\"},\"potentialAction\":[{\"@type\":\"SearchAction\",\"target\":{\"@type\":\"EntryPoint\",\"urlTemplate\":\"https:\\\/\\\/biomex.de\\\/de\\\/?s={search_term_string}\"},\"query-input\":{\"@type\":\"PropertyValueSpecification\",\"valueRequired\":true,\"valueName\":\"search_term_string\"}}],\"inLanguage\":\"de\"},{\"@type\":\"Organization\",\"@id\":\"https:\\\/\\\/biomex.de\\\/de\\\/#organization\",\"name\":\"BIOMEX\",\"url\":\"https:\\\/\\\/biomex.de\\\/de\\\/\",\"logo\":{\"@type\":\"ImageObject\",\"inLanguage\":\"de\",\"@id\":\"https:\\\/\\\/biomex.de\\\/de\\\/#\\\/schema\\\/logo\\\/image\\\/\",\"url\":\"https:\\\/\\\/biomex.de\\\/wp-content\\\/uploads\\\/2022\\\/11\\\/biomex_logo.svg\",\"contentUrl\":\"https:\\\/\\\/biomex.de\\\/wp-content\\\/uploads\\\/2022\\\/11\\\/biomex_logo.svg\",\"width\":334,\"height\":60,\"caption\":\"BIOMEX\"},\"image\":{\"@id\":\"https:\\\/\\\/biomex.de\\\/de\\\/#\\\/schema\\\/logo\\\/image\\\/\"}}]}<\/script>\n<!-- \/ Yoast SEO plugin. -->","yoast_head_json":{"title":"Impressum - BIOMEX","robots":{"index":"index","follow":"follow","max-snippet":"max-snippet:-1","max-image-preview":"max-image-preview:large","max-video-preview":"max-video-preview:-1"},"canonical":"https:\/\/biomex.de\/de\/impressum\/","og_locale":"de_DE","og_type":"article","og_title":"Impressum - BIOMEX","og_description":"Impressum BIOMEX GmbHSiemensstra\u00dfe 3869123 HeidelbergGERMANY t \u00a0+49 6221 4166-0f\u00a0 \u00a0+49 6221 4166-190e\u00a0 info (at) biomex.de UST-Ident-Nr.: DE143837692Sitz der Gesellschaft: Heidelberg, Handelsregister HD HRB 337813Amtsgericht: MannheimGesch\u00e4ftsf\u00fchrer: Dipl.-Chem., Dipl.-Kfm. Oliver Bo\u0161njak","og_url":"https:\/\/biomex.de\/de\/impressum\/","og_site_name":"BIOMEX","article_modified_time":"2026-01-27T11:26:57+00:00","twitter_card":"summary_large_image","twitter_misc":{"Gesch\u00e4tzte Lesezeit":"1\u00a0Minute"},"schema":{"@context":"https:\/\/schema.org","@graph":[{"@type":"WebPage","@id":"https:\/\/biomex.de\/de\/impressum\/","url":"https:\/\/biomex.de\/de\/impressum\/","name":"Impressum - BIOMEX","isPartOf":{"@id":"https:\/\/biomex.de\/de\/#website"},"datePublished":"2022-11-17T13:03:26+00:00","dateModified":"2026-01-27T11:26:57+00:00","breadcrumb":{"@id":"https:\/\/biomex.de\/de\/impressum\/#breadcrumb"},"inLanguage":"de","potentialAction":[{"@type":"ReadAction","target":["https:\/\/biomex.de\/de\/impressum\/"]}]},{"@type":"BreadcrumbList","@id":"https:\/\/biomex.de\/de\/impressum\/#breadcrumb","itemListElement":[{"@type":"ListItem","position":1,"name":"Home","item":"https:\/\/biomex.de\/de\/"},{"@type":"ListItem","position":2,"name":"Impressum"}]},{"@type":"WebSite","@id":"https:\/\/biomex.de\/de\/#website","url":"https:\/\/biomex.de\/de\/","name":"BIOMEX","description":"EMPOWERING EXPERTS","publisher":{"@id":"https:\/\/biomex.de\/de\/#organization"},"potentialAction":[{"@type":"SearchAction","target":{"@type":"EntryPoint","urlTemplate":"https:\/\/biomex.de\/de\/?s={search_term_string}"},"query-input":{"@type":"PropertyValueSpecification","valueRequired":true,"valueName":"search_term_string"}}],"inLanguage":"de"},{"@type":"Organization","@id":"https:\/\/biomex.de\/de\/#organization","name":"BIOMEX","url":"https:\/\/biomex.de\/de\/","logo":{"@type":"ImageObject","inLanguage":"de","@id":"https:\/\/biomex.de\/de\/#\/schema\/logo\/image\/","url":"https:\/\/biomex.de\/wp-content\/uploads\/2022\/11\/biomex_logo.svg","contentUrl":"https:\/\/biomex.de\/wp-content\/uploads\/2022\/11\/biomex_logo.svg","width":334,"height":60,"caption":"BIOMEX"},"image":{"@id":"https:\/\/biomex.de\/de\/#\/schema\/logo\/image\/"}}]}},"_links":{"self":[{"href":"https:\/\/biomex.de\/de\/wp-json\/wp\/v2\/pages\/20505","targetHints":{"allow":["GET"]}}],"collection":[{"href":"https:\/\/biomex.de\/de\/wp-json\/wp\/v2\/pages"}],"about":[{"href":"https:\/\/biomex.de\/de\/wp-json\/wp\/v2\/types\/page"}],"author":[{"embeddable":true,"href":"https:\/\/biomex.de\/de\/wp-json\/wp\/v2\/users\/7"}],"replies":[{"embeddable":true,"href":"https:\/\/biomex.de\/de\/wp-json\/wp\/v2\/comments?post=20505"}],"version-history":[{"count":7,"href":"https:\/\/biomex.de\/de\/wp-json\/wp\/v2\/pages\/20505\/revisions"}],"predecessor-version":[{"id":20581,"href":"https:\/\/biomex.de\/de\/wp-json\/wp\/v2\/pages\/20505\/revisions\/20581"}],"wp:attachment":[{"href":"https:\/\/biomex.de\/de\/wp-json\/wp\/v2\/media?parent=20505"}],"curies":[{"name":"wp","href":"https:\/\/api.w.org\/{rel}","templated":true}]}}