{"id":19677,"date":"2022-11-17T14:19:36","date_gmt":"2022-11-17T13:19:36","guid":{"rendered":"https:\/\/biomex.de\/?page_id=19677"},"modified":"2025-10-21T14:29:40","modified_gmt":"2025-10-21T12:29:40","slug":"praeklinische-sicherheit","status":"publish","type":"page","link":"https:\/\/biomex.de\/de\/life-sciences\/dienstleistungen\/praeklinische-sicherheit\/","title":{"rendered":"Pr\u00e4klinische Sicherheit"},"content":{"rendered":"\t\t<div data-elementor-type=\"wp-page\" data-elementor-id=\"19677\" class=\"elementor elementor-19677 elementor-226\" data-elementor-post-type=\"page\">\n\t\t\t\t\t\t<section class=\"elementor-section elementor-top-section elementor-element elementor-element-e1fb4b2 elementor-section-height-min-height elementor-section-items-bottom elementor-section-full_width elementor-section-height-default\" data-id=\"e1fb4b2\" data-element_type=\"section\" data-e-type=\"section\" data-settings=\"{&quot;background_background&quot;:&quot;classic&quot;}\">\n\t\t\t\t\t\t<div class=\"elementor-container elementor-column-gap-no\">\n\t\t\t\t\t<div class=\"elementor-column elementor-col-100 elementor-top-column elementor-element elementor-element-2a9c1ef\" data-id=\"2a9c1ef\" data-element_type=\"column\" data-e-type=\"column\">\n\t\t\t<div class=\"elementor-widget-wrap elementor-element-populated\">\n\t\t\t\t\t\t<section class=\"elementor-section elementor-inner-section elementor-element elementor-element-7f2efd6 elementor-section-full_width elementor-section-height-default elementor-section-height-default\" data-id=\"7f2efd6\" data-element_type=\"section\" data-e-type=\"section\">\n\t\t\t\t\t\t<div class=\"elementor-container elementor-column-gap-no\">\n\t\t\t\t\t<div class=\"elementor-column elementor-col-50 elementor-inner-column elementor-element elementor-element-33d32ac\" data-id=\"33d32ac\" data-element_type=\"column\" data-e-type=\"column\">\n\t\t\t<div class=\"elementor-widget-wrap elementor-element-populated\">\n\t\t\t\t\t\t\t<\/div>\n\t\t<\/div>\n\t\t\t\t<div class=\"elementor-column elementor-col-50 elementor-inner-column elementor-element elementor-element-ddcf24c\" data-id=\"ddcf24c\" data-element_type=\"column\" data-e-type=\"column\">\n\t\t\t<div class=\"elementor-widget-wrap elementor-element-populated\">\n\t\t\t\t\t\t<div class=\"elementor-element elementor-element-bb3981d elementor-absolute animated-fast elementor-view-default elementor-invisible elementor-widget elementor-widget-icon\" data-id=\"bb3981d\" data-element_type=\"widget\" data-e-type=\"widget\" data-settings=\"{&quot;_position&quot;:&quot;absolute&quot;,&quot;motion_fx_motion_fx_scrolling&quot;:&quot;yes&quot;,&quot;motion_fx_translateY_effect&quot;:&quot;yes&quot;,&quot;motion_fx_translateY_speed&quot;:{&quot;unit&quot;:&quot;px&quot;,&quot;size&quot;:3,&quot;sizes&quot;:[]},&quot;_animation&quot;:&quot;slideInDown&quot;,&quot;motion_fx_translateY_affectedRange&quot;:{&quot;unit&quot;:&quot;%&quot;,&quot;size&quot;:&quot;&quot;,&quot;sizes&quot;:{&quot;start&quot;:0,&quot;end&quot;:100}},&quot;motion_fx_devices&quot;:[&quot;desktop&quot;,&quot;laptop&quot;,&quot;tablet_extra&quot;,&quot;tablet&quot;,&quot;mobile_extra&quot;,&quot;mobile&quot;]}\" data-widget_type=\"icon.default\">\n\t\t\t\t<div class=\"elementor-widget-container\">\n\t\t\t\t\t\t\t<div class=\"elementor-icon-wrapper\">\n\t\t\t<div class=\"elementor-icon\">\n\t\t\t<i aria-hidden=\"true\" class=\"icon icon-signet-left\"><\/i>\t\t\t<\/div>\n\t\t<\/div>\n\t\t\t\t\t\t<\/div>\n\t\t\t\t<\/div>\n\t\t\t\t\t<\/div>\n\t\t<\/div>\n\t\t\t\t\t<\/div>\n\t\t<\/section>\n\t\t\t\t\t<\/div>\n\t\t<\/div>\n\t\t\t\t\t<\/div>\n\t\t<\/section>\n\t\t\t\t<div class=\"elementor-section elementor-top-section elementor-element elementor-element-087910b elementor-section-full_width elementor-section-stretched elementor-section-height-default elementor-section-height-default\" data-id=\"087910b\" data-element_type=\"section\" data-e-type=\"section\" data-settings=\"{&quot;stretch_section&quot;:&quot;section-stretched&quot;}\">\n\t\t\t\t\t\t<div class=\"elementor-container elementor-column-gap-no\">\n\t\t\t\t\t<div class=\"elementor-column elementor-col-100 elementor-top-column elementor-element elementor-element-7f48b4b\" data-id=\"7f48b4b\" data-element_type=\"column\" data-e-type=\"column\">\n\t\t\t<div class=\"elementor-widget-wrap elementor-element-populated\">\n\t\t\t\t\t\t<div class=\"elementor-element elementor-element-6237662 breadcrumb elementor-widget elementor-widget-shortcode\" data-id=\"6237662\" data-element_type=\"widget\" data-e-type=\"widget\" data-widget_type=\"shortcode.default\">\n\t\t\t\t<div class=\"elementor-widget-container\">\n\t\t\t\t\t\t\t<div class=\"elementor-shortcode\">\t\t<div data-elementor-type=\"section\" data-elementor-id=\"16140\" class=\"elementor elementor-16140 elementor-1114 elementor-1114\" data-elementor-post-type=\"elementor_library\">\n\t\t\t\t\t<section class=\"elementor-section elementor-top-section elementor-element elementor-element-60cebac9 elementor-section-full_width elementor-section-height-min-height elementor-section-height-default elementor-section-items-middle\" data-id=\"60cebac9\" data-element_type=\"section\" data-e-type=\"section\" data-settings=\"{&quot;background_background&quot;:&quot;classic&quot;}\">\n\t\t\t\t\t\t<div class=\"elementor-container elementor-column-gap-no\">\n\t\t\t\t\t<div class=\"elementor-column elementor-col-100 elementor-top-column elementor-element elementor-element-36426147\" data-id=\"36426147\" data-element_type=\"column\" data-e-type=\"column\">\n\t\t\t<div class=\"elementor-widget-wrap elementor-element-populated\">\n\t\t\t\t\t\t<div class=\"elementor-element elementor-element-16722c7e elementor-align-left elementor-widget elementor-widget-breadcrumbs\" data-id=\"16722c7e\" data-element_type=\"widget\" data-e-type=\"widget\" data-widget_type=\"breadcrumbs.default\">\n\t\t\t\t<div class=\"elementor-widget-container\">\n\t\t\t\t\t<div id=\"breadcrumbs\"><span><span><a href=\"https:\/\/biomex.de\/de\/\">Home<\/a><\/span><\/span><\/div>\t\t\t\t<\/div>\n\t\t\t\t<\/div>\n\t\t\t\t\t<\/div>\n\t\t<\/div>\n\t\t\t\t\t<\/div>\n\t\t<\/section>\n\t\t\t\t<\/div>\n\t\t<\/div>\n\t\t\t\t\t\t<\/div>\n\t\t\t\t<\/div>\n\t\t\t\t\t<\/div>\n\t\t<\/div>\n\t\t\t\t\t<\/div>\n\t\t<\/div>\n\t\t\t\t<section class=\"elementor-section elementor-top-section elementor-element elementor-element-bc625c9 elementor-section-boxed elementor-section-height-default elementor-section-height-default\" data-id=\"bc625c9\" data-element_type=\"section\" data-e-type=\"section\">\n\t\t\t\t\t\t<div class=\"elementor-container elementor-column-gap-default\">\n\t\t\t\t\t<div class=\"elementor-column elementor-col-100 elementor-top-column elementor-element elementor-element-f0342d7\" data-id=\"f0342d7\" data-element_type=\"column\" data-e-type=\"column\">\n\t\t\t<div class=\"elementor-widget-wrap\">\n\t\t\t\t\t\t\t<\/div>\n\t\t<\/div>\n\t\t\t\t\t<\/div>\n\t\t<\/section>\n\t\t\t\t<section class=\"elementor-section elementor-top-section elementor-element elementor-element-d1d2de8 elementor-section-boxed elementor-section-height-default elementor-section-height-default\" data-id=\"d1d2de8\" data-element_type=\"section\" data-e-type=\"section\">\n\t\t\t\t\t\t<div class=\"elementor-container elementor-column-gap-default\">\n\t\t\t\t\t<div class=\"elementor-column elementor-col-100 elementor-top-column elementor-element elementor-element-25e212f\" data-id=\"25e212f\" data-element_type=\"column\" data-e-type=\"column\">\n\t\t\t<div class=\"elementor-widget-wrap elementor-element-populated\">\n\t\t\t\t\t\t<div class=\"elementor-element elementor-element-e5d2ac2 elementor-hidden-mobile elementor-widget elementor-widget-spacer\" data-id=\"e5d2ac2\" data-element_type=\"widget\" data-e-type=\"widget\" data-widget_type=\"spacer.default\">\n\t\t\t\t<div class=\"elementor-widget-container\">\n\t\t\t\t\t\t\t<div class=\"elementor-spacer\">\n\t\t\t<div class=\"elementor-spacer-inner\"><\/div>\n\t\t<\/div>\n\t\t\t\t\t\t<\/div>\n\t\t\t\t<\/div>\n\t\t\t\t<div class=\"elementor-element elementor-element-3efb5df elementor-widget elementor-widget-heading\" data-id=\"3efb5df\" data-element_type=\"widget\" data-e-type=\"widget\" data-widget_type=\"heading.default\">\n\t\t\t\t<div class=\"elementor-widget-container\">\n\t\t\t\t\t<h1 class=\"elementor-heading-title elementor-size-default\">Pr\u00e4klinische Sicherheit<\/h1>\t\t\t\t<\/div>\n\t\t\t\t<\/div>\n\t\t\t\t<section class=\"elementor-section elementor-inner-section elementor-element elementor-element-24bf7ff elementor-section-boxed elementor-section-height-default elementor-section-height-default\" data-id=\"24bf7ff\" data-element_type=\"section\" data-e-type=\"section\">\n\t\t\t\t\t\t<div class=\"elementor-container elementor-column-gap-default\">\n\t\t\t\t\t<div class=\"elementor-column elementor-col-100 elementor-inner-column elementor-element elementor-element-1fbb2a0 elementor-hidden-mobile\" data-id=\"1fbb2a0\" data-element_type=\"column\" data-e-type=\"column\">\n\t\t\t<div class=\"elementor-widget-wrap\">\n\t\t\t\t\t\t\t<\/div>\n\t\t<\/div>\n\t\t\t\t<div class=\"elementor-column elementor-col-33 elementor-inner-column elementor-element elementor-element-cc2997e\" data-id=\"cc2997e\" data-element_type=\"column\" data-e-type=\"column\">\n\t\t\t<div class=\"elementor-widget-wrap elementor-element-populated\">\n\t\t\t\t\t\t<div class=\"elementor-element elementor-element-04b17ba elementor-widget elementor-widget-text-editor\" data-id=\"04b17ba\" data-element_type=\"widget\" data-e-type=\"widget\" data-widget_type=\"text-editor.default\">\n\t\t\t\t<div class=\"elementor-widget-container\">\n\t\t\t\t\t\t\t\t\t<p>Die pr\u00e4klinische Sicherheit ist ein zentraler Bestandteil der Arzneimittelforschung und -entwicklung. Ziel ist es, potenzielle Risiken und Toxizit\u00e4ten neuer Medikamente oder Therapien zu identifizieren, bevor diese in klinischen Studien am Menschen getestet werden. Bei BIOMEX bieten wir umfassende Dienstleistungen im Bereich der pr\u00e4klinischen Sicherheit an, um den Prozess der Arzneimittelentwicklung zu unterst\u00fctzen und das Risiko f\u00fcr Patienten zu minimieren.<\/p><p><strong>Unsere Leistungen umfassen:<\/strong><\/p><ul><li><strong>ADME-Tox:<\/strong> Unsere ADME-Tox-Dienstleistungen analysieren die Absorption, Distribution, Metabolisierung, Exkretion und Toxizit\u00e4t von Wirkstoffen. Dabei kommen pharmakodynamische Assays, in vivo-Wirksamkeitsstudien, Biomarker-Entdeckung sowie Sicherheitsbewertungen zum Einsatz.<\/li><li><strong>Immunogenit\u00e4t und Immunotoxizit\u00e4t:<\/strong> Unsere Leistungen im Bereich Immunogenit\u00e4t und Immunotoxizit\u00e4t pr\u00fcfen das Potenzial eines Medikaments, eine Immunantwort auszul\u00f6sen oder das Immunsystem zu sch\u00e4digen. Hierbei verwenden wir Antik\u00f6rper- und Zytokin-Assays.<\/li><\/ul><p><br \/>Bei BIOMEX setzen wir uns daf\u00fcr ein, Ihre Bem\u00fchungen im Bereich der pr\u00e4klinischen Sicherheit zu f\u00f6rdern und Ihre Ziele in der Arzneimittelforschung und -entwicklung zu unterst\u00fctzen.<\/p><p><strong>Kontaktieren Sie uns<\/strong>, um mehr \u00fcber unsere Dienstleistungen zu erfahren.<\/p>\t\t\t\t\t\t\t\t<\/div>\n\t\t\t\t<\/div>\n\t\t\t\t<div class=\"elementor-element elementor-element-cd31940 elementor-widget elementor-widget-spacer\" data-id=\"cd31940\" data-element_type=\"widget\" data-e-type=\"widget\" data-widget_type=\"spacer.default\">\n\t\t\t\t<div class=\"elementor-widget-container\">\n\t\t\t\t\t\t\t<div class=\"elementor-spacer\">\n\t\t\t<div class=\"elementor-spacer-inner\"><\/div>\n\t\t<\/div>\n\t\t\t\t\t\t<\/div>\n\t\t\t\t<\/div>\n\t\t\t\t\t<\/div>\n\t\t<\/div>\n\t\t\t\t\t<\/div>\n\t\t<\/section>\n\t\t\t\t\t<\/div>\n\t\t<\/div>\n\t\t\t\t\t<\/div>\n\t\t<\/section>\n\t\t\t\t<section class=\"elementor-section elementor-top-section elementor-element elementor-element-c897a89 elementor-section-boxed elementor-section-height-default elementor-section-height-default\" data-id=\"c897a89\" data-element_type=\"section\" data-e-type=\"section\">\n\t\t\t\t\t\t<div class=\"elementor-container elementor-column-gap-default\">\n\t\t\t\t\t<div class=\"elementor-column elementor-col-100 elementor-top-column elementor-element elementor-element-0803414\" data-id=\"0803414\" data-element_type=\"column\" data-e-type=\"column\">\n\t\t\t<div class=\"elementor-widget-wrap\">\n\t\t\t\t\t\t\t<\/div>\n\t\t<\/div>\n\t\t\t\t\t<\/div>\n\t\t<\/section>\n\t\t\t\t<section class=\"elementor-section elementor-top-section elementor-element elementor-element-a45bfe5 elementor-section-boxed elementor-section-height-default elementor-section-height-default\" data-id=\"a45bfe5\" data-element_type=\"section\" data-e-type=\"section\">\n\t\t\t\t\t\t<div class=\"elementor-container elementor-column-gap-default\">\n\t\t\t\t\t<div class=\"elementor-column elementor-col-100 elementor-top-column elementor-element elementor-element-03d7717\" data-id=\"03d7717\" data-element_type=\"column\" data-e-type=\"column\">\n\t\t\t<div class=\"elementor-widget-wrap elementor-element-populated\">\n\t\t\t\t\t\t<div class=\"elementor-element elementor-element-064e71a elementor-align-center elementor-widget__width-auto elementor-widget elementor-widget-button\" data-id=\"064e71a\" data-element_type=\"widget\" data-e-type=\"widget\" data-widget_type=\"button.default\">\n\t\t\t\t<div class=\"elementor-widget-container\">\n\t\t\t\t\t\t\t\t\t<div class=\"elementor-button-wrapper\">\n\t\t\t\t\t<a class=\"elementor-button elementor-button-link elementor-size-sm\" href=\"mailto:sales@biomex.de\">\n\t\t\t\t\t\t<span class=\"elementor-button-content-wrapper\">\n\t\t\t\t\t\t\t\t\t<span class=\"elementor-button-text\">Kontaktieren Sie unser Vertriebsteam!<\/span>\n\t\t\t\t\t<\/span>\n\t\t\t\t\t<\/a>\n\t\t\t\t<\/div>\n\t\t\t\t\t\t\t\t<\/div>\n\t\t\t\t<\/div>\n\t\t\t\t\t<\/div>\n\t\t<\/div>\n\t\t\t\t\t<\/div>\n\t\t<\/section>\n\t\t\t\t<\/div>\n\t\t","protected":false},"excerpt":{"rendered":"<p>Pr\u00e4klinische Sicherheit Die pr\u00e4klinische Sicherheit ist ein zentraler Bestandteil der Arzneimittelforschung und -entwicklung. Ziel ist es, potenzielle Risiken und Toxizit\u00e4ten neuer Medikamente oder Therapien zu identifizieren, bevor diese in klinischen Studien am Menschen getestet werden. Bei BIOMEX bieten wir umfassende Dienstleistungen im Bereich der pr\u00e4klinischen Sicherheit an, um den Prozess der Arzneimittelentwicklung zu unterst\u00fctzen und <a class=\"read-more\" href=\"https:\/\/biomex.de\/de\/life-sciences\/dienstleistungen\/praeklinische-sicherheit\/\">Read More<\/a><\/p>\n","protected":false},"author":1,"featured_media":0,"parent":19766,"menu_order":4,"comment_status":"closed","ping_status":"closed","template":"","meta":{"_acf_changed":false,"inline_featured_image":false,"footnotes":""},"class_list":["post-19677","page","type-page","status-publish","hentry"],"acf":[],"yoast_head":"<!-- This site is optimized with the Yoast SEO plugin v27.3 - https:\/\/yoast.com\/product\/yoast-seo-wordpress\/ -->\n<title>Pr\u00e4klinische Sicherheit - BIOMEX<\/title>\n<meta name=\"robots\" content=\"index, follow, max-snippet:-1, max-image-preview:large, max-video-preview:-1\" \/>\n<link rel=\"canonical\" href=\"https:\/\/biomex.de\/de\/life-sciences\/dienstleistungen\/praeklinische-sicherheit\/\" \/>\n<meta property=\"og:locale\" content=\"de_DE\" \/>\n<meta property=\"og:type\" content=\"article\" \/>\n<meta property=\"og:title\" content=\"Pr\u00e4klinische Sicherheit - BIOMEX\" \/>\n<meta property=\"og:description\" content=\"Pr\u00e4klinische Sicherheit Die pr\u00e4klinische Sicherheit ist ein zentraler Bestandteil der Arzneimittelforschung und -entwicklung. Ziel ist es, potenzielle Risiken und Toxizit\u00e4ten neuer Medikamente oder Therapien zu identifizieren, bevor diese in klinischen Studien am Menschen getestet werden. Bei BIOMEX bieten wir umfassende Dienstleistungen im Bereich der pr\u00e4klinischen Sicherheit an, um den Prozess der Arzneimittelentwicklung zu unterst\u00fctzen und Read More\" \/>\n<meta property=\"og:url\" content=\"https:\/\/biomex.de\/de\/life-sciences\/dienstleistungen\/praeklinische-sicherheit\/\" \/>\n<meta property=\"og:site_name\" content=\"BIOMEX\" \/>\n<meta property=\"article:modified_time\" content=\"2025-10-21T12:29:40+00:00\" \/>\n<meta name=\"twitter:card\" content=\"summary_large_image\" \/>\n<meta name=\"twitter:label1\" content=\"Gesch\u00e4tzte Lesezeit\" \/>\n\t<meta name=\"twitter:data1\" content=\"1\u00a0Minute\" \/>\n<script type=\"application\/ld+json\" class=\"yoast-schema-graph\">{\"@context\":\"https:\\\/\\\/schema.org\",\"@graph\":[{\"@type\":\"WebPage\",\"@id\":\"https:\\\/\\\/biomex.de\\\/de\\\/life-sciences\\\/dienstleistungen\\\/praeklinische-sicherheit\\\/\",\"url\":\"https:\\\/\\\/biomex.de\\\/de\\\/life-sciences\\\/dienstleistungen\\\/praeklinische-sicherheit\\\/\",\"name\":\"Pr\u00e4klinische Sicherheit - BIOMEX\",\"isPartOf\":{\"@id\":\"https:\\\/\\\/biomex.de\\\/de\\\/#website\"},\"datePublished\":\"2022-11-17T13:19:36+00:00\",\"dateModified\":\"2025-10-21T12:29:40+00:00\",\"breadcrumb\":{\"@id\":\"https:\\\/\\\/biomex.de\\\/de\\\/life-sciences\\\/dienstleistungen\\\/praeklinische-sicherheit\\\/#breadcrumb\"},\"inLanguage\":\"de\",\"potentialAction\":[{\"@type\":\"ReadAction\",\"target\":[\"https:\\\/\\\/biomex.de\\\/de\\\/life-sciences\\\/dienstleistungen\\\/praeklinische-sicherheit\\\/\"]}]},{\"@type\":\"BreadcrumbList\",\"@id\":\"https:\\\/\\\/biomex.de\\\/de\\\/life-sciences\\\/dienstleistungen\\\/praeklinische-sicherheit\\\/#breadcrumb\",\"itemListElement\":[{\"@type\":\"ListItem\",\"position\":1,\"name\":\"Home\",\"item\":\"https:\\\/\\\/biomex.de\\\/de\\\/\"},{\"@type\":\"ListItem\",\"position\":2,\"name\":\"Life Sciences\",\"item\":\"https:\\\/\\\/biomex.de\\\/de\\\/life-sciences\\\/\"},{\"@type\":\"ListItem\",\"position\":3,\"name\":\"Dienstleistungen\",\"item\":\"https:\\\/\\\/biomex.de\\\/de\\\/life-sciences\\\/dienstleistungen\\\/\"},{\"@type\":\"ListItem\",\"position\":4,\"name\":\"Pr\u00e4klinische Sicherheit\"}]},{\"@type\":\"WebSite\",\"@id\":\"https:\\\/\\\/biomex.de\\\/de\\\/#website\",\"url\":\"https:\\\/\\\/biomex.de\\\/de\\\/\",\"name\":\"BIOMEX\",\"description\":\"EMPOWERING EXPERTS\",\"publisher\":{\"@id\":\"https:\\\/\\\/biomex.de\\\/de\\\/#organization\"},\"potentialAction\":[{\"@type\":\"SearchAction\",\"target\":{\"@type\":\"EntryPoint\",\"urlTemplate\":\"https:\\\/\\\/biomex.de\\\/de\\\/?s={search_term_string}\"},\"query-input\":{\"@type\":\"PropertyValueSpecification\",\"valueRequired\":true,\"valueName\":\"search_term_string\"}}],\"inLanguage\":\"de\"},{\"@type\":\"Organization\",\"@id\":\"https:\\\/\\\/biomex.de\\\/de\\\/#organization\",\"name\":\"BIOMEX\",\"url\":\"https:\\\/\\\/biomex.de\\\/de\\\/\",\"logo\":{\"@type\":\"ImageObject\",\"inLanguage\":\"de\",\"@id\":\"https:\\\/\\\/biomex.de\\\/de\\\/#\\\/schema\\\/logo\\\/image\\\/\",\"url\":\"https:\\\/\\\/biomex.de\\\/wp-content\\\/uploads\\\/2022\\\/11\\\/biomex_logo.svg\",\"contentUrl\":\"https:\\\/\\\/biomex.de\\\/wp-content\\\/uploads\\\/2022\\\/11\\\/biomex_logo.svg\",\"width\":334,\"height\":60,\"caption\":\"BIOMEX\"},\"image\":{\"@id\":\"https:\\\/\\\/biomex.de\\\/de\\\/#\\\/schema\\\/logo\\\/image\\\/\"}}]}<\/script>\n<!-- \/ Yoast SEO plugin. -->","yoast_head_json":{"title":"Pr\u00e4klinische Sicherheit - BIOMEX","robots":{"index":"index","follow":"follow","max-snippet":"max-snippet:-1","max-image-preview":"max-image-preview:large","max-video-preview":"max-video-preview:-1"},"canonical":"https:\/\/biomex.de\/de\/life-sciences\/dienstleistungen\/praeklinische-sicherheit\/","og_locale":"de_DE","og_type":"article","og_title":"Pr\u00e4klinische Sicherheit - BIOMEX","og_description":"Pr\u00e4klinische Sicherheit Die pr\u00e4klinische Sicherheit ist ein zentraler Bestandteil der Arzneimittelforschung und -entwicklung. Ziel ist es, potenzielle Risiken und Toxizit\u00e4ten neuer Medikamente oder Therapien zu identifizieren, bevor diese in klinischen Studien am Menschen getestet werden. Bei BIOMEX bieten wir umfassende Dienstleistungen im Bereich der pr\u00e4klinischen Sicherheit an, um den Prozess der Arzneimittelentwicklung zu unterst\u00fctzen und Read More","og_url":"https:\/\/biomex.de\/de\/life-sciences\/dienstleistungen\/praeklinische-sicherheit\/","og_site_name":"BIOMEX","article_modified_time":"2025-10-21T12:29:40+00:00","twitter_card":"summary_large_image","twitter_misc":{"Gesch\u00e4tzte Lesezeit":"1\u00a0Minute"},"schema":{"@context":"https:\/\/schema.org","@graph":[{"@type":"WebPage","@id":"https:\/\/biomex.de\/de\/life-sciences\/dienstleistungen\/praeklinische-sicherheit\/","url":"https:\/\/biomex.de\/de\/life-sciences\/dienstleistungen\/praeklinische-sicherheit\/","name":"Pr\u00e4klinische Sicherheit - BIOMEX","isPartOf":{"@id":"https:\/\/biomex.de\/de\/#website"},"datePublished":"2022-11-17T13:19:36+00:00","dateModified":"2025-10-21T12:29:40+00:00","breadcrumb":{"@id":"https:\/\/biomex.de\/de\/life-sciences\/dienstleistungen\/praeklinische-sicherheit\/#breadcrumb"},"inLanguage":"de","potentialAction":[{"@type":"ReadAction","target":["https:\/\/biomex.de\/de\/life-sciences\/dienstleistungen\/praeklinische-sicherheit\/"]}]},{"@type":"BreadcrumbList","@id":"https:\/\/biomex.de\/de\/life-sciences\/dienstleistungen\/praeklinische-sicherheit\/#breadcrumb","itemListElement":[{"@type":"ListItem","position":1,"name":"Home","item":"https:\/\/biomex.de\/de\/"},{"@type":"ListItem","position":2,"name":"Life Sciences","item":"https:\/\/biomex.de\/de\/life-sciences\/"},{"@type":"ListItem","position":3,"name":"Dienstleistungen","item":"https:\/\/biomex.de\/de\/life-sciences\/dienstleistungen\/"},{"@type":"ListItem","position":4,"name":"Pr\u00e4klinische Sicherheit"}]},{"@type":"WebSite","@id":"https:\/\/biomex.de\/de\/#website","url":"https:\/\/biomex.de\/de\/","name":"BIOMEX","description":"EMPOWERING EXPERTS","publisher":{"@id":"https:\/\/biomex.de\/de\/#organization"},"potentialAction":[{"@type":"SearchAction","target":{"@type":"EntryPoint","urlTemplate":"https:\/\/biomex.de\/de\/?s={search_term_string}"},"query-input":{"@type":"PropertyValueSpecification","valueRequired":true,"valueName":"search_term_string"}}],"inLanguage":"de"},{"@type":"Organization","@id":"https:\/\/biomex.de\/de\/#organization","name":"BIOMEX","url":"https:\/\/biomex.de\/de\/","logo":{"@type":"ImageObject","inLanguage":"de","@id":"https:\/\/biomex.de\/de\/#\/schema\/logo\/image\/","url":"https:\/\/biomex.de\/wp-content\/uploads\/2022\/11\/biomex_logo.svg","contentUrl":"https:\/\/biomex.de\/wp-content\/uploads\/2022\/11\/biomex_logo.svg","width":334,"height":60,"caption":"BIOMEX"},"image":{"@id":"https:\/\/biomex.de\/de\/#\/schema\/logo\/image\/"}}]}},"_links":{"self":[{"href":"https:\/\/biomex.de\/de\/wp-json\/wp\/v2\/pages\/19677","targetHints":{"allow":["GET"]}}],"collection":[{"href":"https:\/\/biomex.de\/de\/wp-json\/wp\/v2\/pages"}],"about":[{"href":"https:\/\/biomex.de\/de\/wp-json\/wp\/v2\/types\/page"}],"author":[{"embeddable":true,"href":"https:\/\/biomex.de\/de\/wp-json\/wp\/v2\/users\/1"}],"replies":[{"embeddable":true,"href":"https:\/\/biomex.de\/de\/wp-json\/wp\/v2\/comments?post=19677"}],"version-history":[{"count":5,"href":"https:\/\/biomex.de\/de\/wp-json\/wp\/v2\/pages\/19677\/revisions"}],"predecessor-version":[{"id":19684,"href":"https:\/\/biomex.de\/de\/wp-json\/wp\/v2\/pages\/19677\/revisions\/19684"}],"up":[{"embeddable":true,"href":"https:\/\/biomex.de\/de\/wp-json\/wp\/v2\/pages\/19766"}],"wp:attachment":[{"href":"https:\/\/biomex.de\/de\/wp-json\/wp\/v2\/media?parent=19677"}],"curies":[{"name":"wp","href":"https:\/\/api.w.org\/{rel}","templated":true}]}}