{"id":19653,"date":"2022-11-17T14:18:23","date_gmt":"2022-11-17T13:18:23","guid":{"rendered":"https:\/\/biomex.de\/?page_id=19653"},"modified":"2025-10-21T18:06:56","modified_gmt":"2025-10-21T16:06:56","slug":"krankheitsmodelle-grundlagenforschung","status":"publish","type":"page","link":"https:\/\/biomex.de\/de\/life-sciences\/dienstleistungen\/krankheitsmodelle-grundlagenforschung\/","title":{"rendered":"Krankheitsmodelle &#038; Grundlagenforschung"},"content":{"rendered":"\t\t<div data-elementor-type=\"wp-page\" data-elementor-id=\"19653\" class=\"elementor elementor-19653 elementor-221\" data-elementor-post-type=\"page\">\n\t\t\t\t\t\t<section class=\"elementor-section elementor-top-section elementor-element elementor-element-a4316fe elementor-section-full_width elementor-section-height-default elementor-section-height-default\" data-id=\"a4316fe\" data-element_type=\"section\" data-e-type=\"section\">\n\t\t\t\t\t\t<div class=\"elementor-container elementor-column-gap-no\">\n\t\t\t\t\t<div class=\"elementor-column elementor-col-100 elementor-top-column elementor-element elementor-element-088bd37\" data-id=\"088bd37\" data-element_type=\"column\" data-e-type=\"column\">\n\t\t\t<div class=\"elementor-widget-wrap elementor-element-populated\">\n\t\t\t\t\t\t<div class=\"elementor-element elementor-element-54a449f elementor-widget elementor-widget-template\" data-id=\"54a449f\" data-element_type=\"widget\" data-e-type=\"widget\" data-widget_type=\"template.default\">\n\t\t\t\t<div class=\"elementor-widget-container\">\n\t\t\t\t\t\t\t<div class=\"elementor-template\">\n\t\t\t\t\t<div data-elementor-type=\"section\" data-elementor-id=\"3732\" class=\"elementor elementor-3732\" data-elementor-post-type=\"elementor_library\">\n\t\t\t\t\t<section class=\"elementor-section elementor-top-section elementor-element elementor-element-16dfb095 elementor-section-height-min-height elementor-section-items-bottom elementor-section-full_width elementor-section-height-default\" data-id=\"16dfb095\" data-element_type=\"section\" data-e-type=\"section\" data-settings=\"{&quot;background_background&quot;:&quot;classic&quot;}\">\n\t\t\t\t\t\t<div class=\"elementor-container elementor-column-gap-no\">\n\t\t\t\t\t<div class=\"elementor-column elementor-col-100 elementor-top-column elementor-element elementor-element-168bd6d2\" data-id=\"168bd6d2\" data-element_type=\"column\" data-e-type=\"column\">\n\t\t\t<div class=\"elementor-widget-wrap elementor-element-populated\">\n\t\t\t\t\t\t<section class=\"elementor-section elementor-inner-section elementor-element elementor-element-6c78d237 elementor-section-full_width elementor-section-height-default elementor-section-height-default\" data-id=\"6c78d237\" data-element_type=\"section\" data-e-type=\"section\">\n\t\t\t\t\t\t<div class=\"elementor-container elementor-column-gap-no\">\n\t\t\t\t\t<div class=\"elementor-column elementor-col-50 elementor-inner-column elementor-element elementor-element-55a6dd30\" data-id=\"55a6dd30\" data-element_type=\"column\" data-e-type=\"column\">\n\t\t\t<div class=\"elementor-widget-wrap elementor-element-populated\">\n\t\t\t\t\t\t\t<\/div>\n\t\t<\/div>\n\t\t\t\t<div class=\"elementor-column elementor-col-50 elementor-inner-column elementor-element elementor-element-17529196\" data-id=\"17529196\" data-element_type=\"column\" data-e-type=\"column\">\n\t\t\t<div class=\"elementor-widget-wrap elementor-element-populated\">\n\t\t\t\t\t\t<div class=\"elementor-element elementor-element-52ef323 elementor-absolute animated-fast elementor-hidden-tablet_extra elementor-hidden-tablet elementor-hidden-mobile_extra elementor-hidden-mobile elementor-view-default elementor-invisible elementor-widget elementor-widget-icon\" data-id=\"52ef323\" data-element_type=\"widget\" data-e-type=\"widget\" data-settings=\"{&quot;_position&quot;:&quot;absolute&quot;,&quot;motion_fx_motion_fx_scrolling&quot;:&quot;yes&quot;,&quot;motion_fx_translateY_effect&quot;:&quot;yes&quot;,&quot;motion_fx_translateY_speed&quot;:{&quot;unit&quot;:&quot;px&quot;,&quot;size&quot;:3,&quot;sizes&quot;:[]},&quot;_animation&quot;:&quot;slideInDown&quot;,&quot;motion_fx_translateY_affectedRange&quot;:{&quot;unit&quot;:&quot;%&quot;,&quot;size&quot;:&quot;&quot;,&quot;sizes&quot;:{&quot;start&quot;:0,&quot;end&quot;:100}},&quot;motion_fx_devices&quot;:[&quot;desktop&quot;,&quot;laptop&quot;,&quot;tablet_extra&quot;,&quot;tablet&quot;,&quot;mobile_extra&quot;,&quot;mobile&quot;]}\" data-widget_type=\"icon.default\">\n\t\t\t\t<div class=\"elementor-widget-container\">\n\t\t\t\t\t\t\t<div class=\"elementor-icon-wrapper\">\n\t\t\t<div class=\"elementor-icon\">\n\t\t\t<i aria-hidden=\"true\" class=\"icon icon-signet-left\"><\/i>\t\t\t<\/div>\n\t\t<\/div>\n\t\t\t\t\t\t<\/div>\n\t\t\t\t<\/div>\n\t\t\t\t<div class=\"elementor-element elementor-element-8f80a94 elementor-absolute animated-fast elementor-hidden-desktop elementor-hidden-laptop elementor-hidden-tablet_extra elementor-hidden-tablet elementor-view-default elementor-invisible elementor-widget elementor-widget-icon\" data-id=\"8f80a94\" data-element_type=\"widget\" data-e-type=\"widget\" data-settings=\"{&quot;_position&quot;:&quot;absolute&quot;,&quot;motion_fx_motion_fx_scrolling&quot;:&quot;yes&quot;,&quot;motion_fx_translateY_effect&quot;:&quot;yes&quot;,&quot;motion_fx_translateY_speed&quot;:{&quot;unit&quot;:&quot;px&quot;,&quot;size&quot;:3,&quot;sizes&quot;:[]},&quot;_animation&quot;:&quot;slideInDown&quot;,&quot;motion_fx_translateY_affectedRange&quot;:{&quot;unit&quot;:&quot;%&quot;,&quot;size&quot;:&quot;&quot;,&quot;sizes&quot;:{&quot;start&quot;:0,&quot;end&quot;:100}},&quot;motion_fx_devices&quot;:[&quot;desktop&quot;,&quot;laptop&quot;,&quot;tablet_extra&quot;,&quot;tablet&quot;,&quot;mobile_extra&quot;,&quot;mobile&quot;]}\" data-widget_type=\"icon.default\">\n\t\t\t\t<div class=\"elementor-widget-container\">\n\t\t\t\t\t\t\t<div class=\"elementor-icon-wrapper\">\n\t\t\t<div class=\"elementor-icon\">\n\t\t\t<i aria-hidden=\"true\" class=\"icon icon-signet-left\"><\/i>\t\t\t<\/div>\n\t\t<\/div>\n\t\t\t\t\t\t<\/div>\n\t\t\t\t<\/div>\n\t\t\t\t<div class=\"elementor-element elementor-element-a8c76dc elementor-absolute animated-fast elementor-hidden-desktop elementor-hidden-laptop elementor-hidden-mobile_extra elementor-hidden-mobile elementor-view-default elementor-invisible elementor-widget elementor-widget-icon\" data-id=\"a8c76dc\" data-element_type=\"widget\" data-e-type=\"widget\" data-settings=\"{&quot;_position&quot;:&quot;absolute&quot;,&quot;motion_fx_motion_fx_scrolling&quot;:&quot;yes&quot;,&quot;motion_fx_translateY_effect&quot;:&quot;yes&quot;,&quot;motion_fx_translateY_speed&quot;:{&quot;unit&quot;:&quot;px&quot;,&quot;size&quot;:3,&quot;sizes&quot;:[]},&quot;_animation&quot;:&quot;slideInDown&quot;,&quot;motion_fx_translateY_affectedRange&quot;:{&quot;unit&quot;:&quot;%&quot;,&quot;size&quot;:&quot;&quot;,&quot;sizes&quot;:{&quot;start&quot;:0,&quot;end&quot;:100}},&quot;motion_fx_devices&quot;:[&quot;desktop&quot;,&quot;laptop&quot;,&quot;tablet_extra&quot;,&quot;tablet&quot;,&quot;mobile_extra&quot;,&quot;mobile&quot;]}\" data-widget_type=\"icon.default\">\n\t\t\t\t<div class=\"elementor-widget-container\">\n\t\t\t\t\t\t\t<div class=\"elementor-icon-wrapper\">\n\t\t\t<div class=\"elementor-icon\">\n\t\t\t<i aria-hidden=\"true\" class=\"icon icon-signet-left\"><\/i>\t\t\t<\/div>\n\t\t<\/div>\n\t\t\t\t\t\t<\/div>\n\t\t\t\t<\/div>\n\t\t\t\t\t<\/div>\n\t\t<\/div>\n\t\t\t\t\t<\/div>\n\t\t<\/section>\n\t\t\t\t\t<\/div>\n\t\t<\/div>\n\t\t\t\t\t<\/div>\n\t\t<\/section>\n\t\t\t\t<\/div>\n\t\t\t\t<\/div>\n\t\t\t\t\t\t<\/div>\n\t\t\t\t<\/div>\n\t\t\t\t\t<\/div>\n\t\t<\/div>\n\t\t\t\t\t<\/div>\n\t\t<\/section>\n\t\t\t\t<div class=\"elementor-section elementor-top-section elementor-element elementor-element-43cbce7 elementor-section-full_width elementor-section-stretched elementor-section-height-default elementor-section-height-default\" data-id=\"43cbce7\" data-element_type=\"section\" data-e-type=\"section\" data-settings=\"{&quot;stretch_section&quot;:&quot;section-stretched&quot;}\">\n\t\t\t\t\t\t<div class=\"elementor-container elementor-column-gap-no\">\n\t\t\t\t\t<div class=\"elementor-column elementor-col-100 elementor-top-column elementor-element elementor-element-784eca5\" data-id=\"784eca5\" data-element_type=\"column\" data-e-type=\"column\">\n\t\t\t<div class=\"elementor-widget-wrap elementor-element-populated\">\n\t\t\t\t\t\t<div class=\"elementor-element elementor-element-8fcbb16 breadcrumb elementor-widget elementor-widget-shortcode\" data-id=\"8fcbb16\" data-element_type=\"widget\" data-e-type=\"widget\" data-widget_type=\"shortcode.default\">\n\t\t\t\t<div class=\"elementor-widget-container\">\n\t\t\t\t\t\t\t<div class=\"elementor-shortcode\">\t\t<div data-elementor-type=\"section\" data-elementor-id=\"16140\" class=\"elementor elementor-16140 elementor-1114 elementor-1114\" data-elementor-post-type=\"elementor_library\">\n\t\t\t\t\t<section class=\"elementor-section elementor-top-section elementor-element elementor-element-60cebac9 elementor-section-full_width elementor-section-height-min-height elementor-section-height-default elementor-section-items-middle\" data-id=\"60cebac9\" data-element_type=\"section\" data-e-type=\"section\" data-settings=\"{&quot;background_background&quot;:&quot;classic&quot;}\">\n\t\t\t\t\t\t<div class=\"elementor-container elementor-column-gap-no\">\n\t\t\t\t\t<div class=\"elementor-column elementor-col-100 elementor-top-column elementor-element elementor-element-36426147\" data-id=\"36426147\" data-element_type=\"column\" data-e-type=\"column\">\n\t\t\t<div class=\"elementor-widget-wrap elementor-element-populated\">\n\t\t\t\t\t\t<div class=\"elementor-element elementor-element-16722c7e elementor-align-left elementor-widget elementor-widget-breadcrumbs\" data-id=\"16722c7e\" data-element_type=\"widget\" data-e-type=\"widget\" data-widget_type=\"breadcrumbs.default\">\n\t\t\t\t<div class=\"elementor-widget-container\">\n\t\t\t\t\t<div id=\"breadcrumbs\"><span><span><a href=\"https:\/\/biomex.de\/de\/\">Home<\/a><\/span><\/span><\/div>\t\t\t\t<\/div>\n\t\t\t\t<\/div>\n\t\t\t\t\t<\/div>\n\t\t<\/div>\n\t\t\t\t\t<\/div>\n\t\t<\/section>\n\t\t\t\t<\/div>\n\t\t<\/div>\n\t\t\t\t\t\t<\/div>\n\t\t\t\t<\/div>\n\t\t\t\t\t<\/div>\n\t\t<\/div>\n\t\t\t\t\t<\/div>\n\t\t<\/div>\n\t\t\t\t<section class=\"elementor-section elementor-top-section elementor-element elementor-element-3a7a392 elementor-section-boxed elementor-section-height-default elementor-section-height-default\" data-id=\"3a7a392\" data-element_type=\"section\" data-e-type=\"section\">\n\t\t\t\t\t\t<div class=\"elementor-container elementor-column-gap-default\">\n\t\t\t\t\t<div class=\"elementor-column elementor-col-100 elementor-top-column elementor-element elementor-element-47cf66f\" data-id=\"47cf66f\" data-element_type=\"column\" data-e-type=\"column\">\n\t\t\t<div class=\"elementor-widget-wrap elementor-element-populated\">\n\t\t\t\t\t\t<div class=\"elementor-element elementor-element-75e43c1 elementor-hidden-mobile elementor-widget elementor-widget-spacer\" data-id=\"75e43c1\" data-element_type=\"widget\" data-e-type=\"widget\" data-widget_type=\"spacer.default\">\n\t\t\t\t<div class=\"elementor-widget-container\">\n\t\t\t\t\t\t\t<div class=\"elementor-spacer\">\n\t\t\t<div class=\"elementor-spacer-inner\"><\/div>\n\t\t<\/div>\n\t\t\t\t\t\t<\/div>\n\t\t\t\t<\/div>\n\t\t\t\t<div class=\"elementor-element elementor-element-1a6d5e5 elementor-widget elementor-widget-heading\" data-id=\"1a6d5e5\" data-element_type=\"widget\" data-e-type=\"widget\" data-widget_type=\"heading.default\">\n\t\t\t\t<div class=\"elementor-widget-container\">\n\t\t\t\t\t<h1 class=\"elementor-heading-title elementor-size-default\">Krankheitsmodellierung &amp; Grundlagenforschung<\/h1>\t\t\t\t<\/div>\n\t\t\t\t<\/div>\n\t\t\t\t<section class=\"elementor-section elementor-inner-section elementor-element elementor-element-57371e7 elementor-section-boxed elementor-section-height-default elementor-section-height-default\" data-id=\"57371e7\" data-element_type=\"section\" data-e-type=\"section\">\n\t\t\t\t\t\t<div class=\"elementor-container elementor-column-gap-default\">\n\t\t\t\t\t<div class=\"elementor-column elementor-col-100 elementor-inner-column elementor-element elementor-element-e639355 elementor-hidden-mobile\" data-id=\"e639355\" data-element_type=\"column\" data-e-type=\"column\">\n\t\t\t<div class=\"elementor-widget-wrap\">\n\t\t\t\t\t\t\t<\/div>\n\t\t<\/div>\n\t\t\t\t<div class=\"elementor-column elementor-col-33 elementor-inner-column elementor-element elementor-element-17076b4\" data-id=\"17076b4\" data-element_type=\"column\" data-e-type=\"column\">\n\t\t\t<div class=\"elementor-widget-wrap elementor-element-populated\">\n\t\t\t\t\t\t<div class=\"elementor-element elementor-element-885620f elementor-widget elementor-widget-text-editor\" data-id=\"885620f\" data-element_type=\"widget\" data-e-type=\"widget\" data-widget_type=\"text-editor.default\">\n\t\t\t\t<div class=\"elementor-widget-container\">\n\t\t\t\t\t\t\t\t\t<p>Die Krankheitsmodellierung und die Grundlagenforschung spielen eine entscheidende Rolle im Prozess der Arzneimittelentwicklung sowie bei der Entwicklung von Zell- und Gentherapien. Ziel der Krankheitsmodellierung ist es, Aspekte einer Krankheit in einer kontrollierten Umgebung, wie in vitro oder in vivo, nachzubilden. Dies erm\u00f6glicht die Untersuchung der zugrunde liegenden Krankheitsmechanismen, das Screening potenzieller therapeutischer Substanzen sowie die Pr\u00fcfung ihrer Wirksamkeit und Sicherheit. Die Grundlagenforschung hingegen zielt darauf ab, ein tieferes Verst\u00e4ndnis der biologischen Prozesse und Systeme zu erlangen, die mit einer Krankheit verbunden sind.<\/p><p>Beide Disziplinen sind essenziell f\u00fcr den Fortschritt von Zell- und Gentherapien, die auf einem fundierten Verst\u00e4ndnis der zellul\u00e4ren und molekularen Prozesse basieren. Durch die Kombination von Krankheitsmodellierung und Grundlagenforschung k\u00f6nnen Wissenschaftler umfassende Einblicke in die Mechanismen von Krankheiten gewinnen und neue therapeutische Zielstrukturen identifizieren. Dies wiederum tr\u00e4gt zur Entwicklung wirksamerer und sichererer Behandlungsans\u00e4tze f\u00fcr Patienten bei.<\/p><p>In den Bereichen \u201e<span style=\"color: #0516ff;\"><a style=\"color: #0516ff;\" href=\"https:\/\/biomex.de\/de\/life-sciences\/dienstleistungen\/krankheitsmodelle-grundlagenforschung\/gewebebeschaffung-zellisolierung\/\"><strong>Gewebebeschaffung &amp; Zellisolierung<\/strong><\/a><\/span>\u201c sowie \u201e<span style=\"color: #0516ff;\"><a style=\"color: #0516ff;\" href=\"https:\/\/biomex.de\/de\/life-sciences\/dienstleistungen\/praeklinische-ziel-und-biomarkeridentifikation-validierung\/zellbasierte-assays\/\"><strong>Zellbasierte Assays<\/strong><\/a><\/span>\u201c finden Sie weitere Informationen zu unserem Angebot und dazu, wie wir Ihre Forschung und Entwicklung unterst\u00fctzen k\u00f6nnen.<\/p><p>Mit unseren <strong>Gewebebeschaffungs- und Zellisolierungsdiensten<\/strong> bieten wir ein umfassendes Portfolio an hochwertigen menschlichen Geweben sowie fortschrittliche Techniken zur Zellisolierung. Unsere Dienstleistungen erm\u00f6glichen es Forschenden, die ben\u00f6tigten Zellen zu gewinnen, um molekulare Mechanismen von Krankheiten zu untersuchen und neue Therapien zu entwickeln.<\/p><p>Unsere <strong>zellbasierten Assays<\/strong> sind darauf ausgelegt, unsere Expertise in der Entwicklung modernster Assays f\u00fcr Ihr Projekt nutzbar zu machen \u2013 als erweiterte Werkbank f\u00fcr Ihr Labor. Diese Assays sind entscheidende Werkzeuge zur Untersuchung zellul\u00e4rer und molekularer Reaktionen auf Krankheiten und zur Identifizierung neuer therapeutischer Zielstrukturen. Sie sind darauf ausgelegt, zuverl\u00e4ssig, robust und reproduzierbar zu sein, sodass unsere Kunden qualitativ hochwertige Daten generieren k\u00f6nnen, um ihre Forschungsziele zu unterst\u00fctzen.<\/p><p>Ob Sie Gewebe oder Zellen beschaffen oder Assays entwickeln m\u00f6chten, um Krankheiten zu untersuchen \u2013 BIOMEX steht Ihnen zur Seite. Besuchen Sie unsere Unterseiten, um mehr \u00fcber unser Angebot und unsere Unterst\u00fctzung f\u00fcr Ihre Forschungsziele zu erfahren.<\/p>\t\t\t\t\t\t\t\t<\/div>\n\t\t\t\t<\/div>\n\t\t\t\t<div class=\"elementor-element elementor-element-5307d39 elementor-widget elementor-widget-spacer\" data-id=\"5307d39\" data-element_type=\"widget\" data-e-type=\"widget\" data-widget_type=\"spacer.default\">\n\t\t\t\t<div class=\"elementor-widget-container\">\n\t\t\t\t\t\t\t<div class=\"elementor-spacer\">\n\t\t\t<div class=\"elementor-spacer-inner\"><\/div>\n\t\t<\/div>\n\t\t\t\t\t\t<\/div>\n\t\t\t\t<\/div>\n\t\t\t\t\t<\/div>\n\t\t<\/div>\n\t\t\t\t\t<\/div>\n\t\t<\/section>\n\t\t\t\t\t<\/div>\n\t\t<\/div>\n\t\t\t\t\t<\/div>\n\t\t<\/section>\n\t\t\t\t<\/div>\n\t\t","protected":false},"excerpt":{"rendered":"<p>Krankheitsmodellierung &amp; Grundlagenforschung Die Krankheitsmodellierung und die Grundlagenforschung spielen eine entscheidende Rolle im Prozess der Arzneimittelentwicklung sowie bei der Entwicklung von Zell- und Gentherapien. Ziel der Krankheitsmodellierung ist es, Aspekte einer Krankheit in einer kontrollierten Umgebung, wie in vitro oder in vivo, nachzubilden. Dies erm\u00f6glicht die Untersuchung der zugrunde liegenden Krankheitsmechanismen, das Screening potenzieller therapeutischer <a class=\"read-more\" href=\"https:\/\/biomex.de\/de\/life-sciences\/dienstleistungen\/krankheitsmodelle-grundlagenforschung\/\">Read More<\/a><\/p>\n","protected":false},"author":1,"featured_media":0,"parent":19766,"menu_order":2,"comment_status":"closed","ping_status":"closed","template":"","meta":{"_acf_changed":false,"inline_featured_image":false,"footnotes":""},"class_list":["post-19653","page","type-page","status-publish","hentry"],"acf":[],"yoast_head":"<!-- This site is optimized with the Yoast SEO plugin v27.3 - https:\/\/yoast.com\/product\/yoast-seo-wordpress\/ -->\n<title>Krankheitsmodelle &amp; Grundlagenforschung - BIOMEX<\/title>\n<meta name=\"robots\" content=\"index, follow, max-snippet:-1, max-image-preview:large, max-video-preview:-1\" \/>\n<link rel=\"canonical\" href=\"https:\/\/biomex.de\/de\/life-sciences\/dienstleistungen\/krankheitsmodelle-grundlagenforschung\/\" \/>\n<meta property=\"og:locale\" content=\"de_DE\" \/>\n<meta property=\"og:type\" content=\"article\" \/>\n<meta property=\"og:title\" content=\"Krankheitsmodelle &amp; Grundlagenforschung - BIOMEX\" \/>\n<meta property=\"og:description\" content=\"Krankheitsmodellierung &amp; Grundlagenforschung Die Krankheitsmodellierung und die Grundlagenforschung spielen eine entscheidende Rolle im Prozess der Arzneimittelentwicklung sowie bei der Entwicklung von Zell- und Gentherapien. Ziel der Krankheitsmodellierung ist es, Aspekte einer Krankheit in einer kontrollierten Umgebung, wie in vitro oder in vivo, nachzubilden. Dies erm\u00f6glicht die Untersuchung der zugrunde liegenden Krankheitsmechanismen, das Screening potenzieller therapeutischer Read More\" \/>\n<meta property=\"og:url\" content=\"https:\/\/biomex.de\/de\/life-sciences\/dienstleistungen\/krankheitsmodelle-grundlagenforschung\/\" \/>\n<meta property=\"og:site_name\" content=\"BIOMEX\" \/>\n<meta property=\"article:modified_time\" content=\"2025-10-21T16:06:56+00:00\" \/>\n<meta name=\"twitter:card\" content=\"summary_large_image\" \/>\n<meta name=\"twitter:label1\" content=\"Gesch\u00e4tzte Lesezeit\" \/>\n\t<meta name=\"twitter:data1\" content=\"2\u00a0Minuten\" \/>\n<script type=\"application\/ld+json\" class=\"yoast-schema-graph\">{\"@context\":\"https:\\\/\\\/schema.org\",\"@graph\":[{\"@type\":\"WebPage\",\"@id\":\"https:\\\/\\\/biomex.de\\\/de\\\/life-sciences\\\/dienstleistungen\\\/krankheitsmodelle-grundlagenforschung\\\/\",\"url\":\"https:\\\/\\\/biomex.de\\\/de\\\/life-sciences\\\/dienstleistungen\\\/krankheitsmodelle-grundlagenforschung\\\/\",\"name\":\"Krankheitsmodelle & Grundlagenforschung - BIOMEX\",\"isPartOf\":{\"@id\":\"https:\\\/\\\/biomex.de\\\/de\\\/#website\"},\"datePublished\":\"2022-11-17T13:18:23+00:00\",\"dateModified\":\"2025-10-21T16:06:56+00:00\",\"breadcrumb\":{\"@id\":\"https:\\\/\\\/biomex.de\\\/de\\\/life-sciences\\\/dienstleistungen\\\/krankheitsmodelle-grundlagenforschung\\\/#breadcrumb\"},\"inLanguage\":\"de\",\"potentialAction\":[{\"@type\":\"ReadAction\",\"target\":[\"https:\\\/\\\/biomex.de\\\/de\\\/life-sciences\\\/dienstleistungen\\\/krankheitsmodelle-grundlagenforschung\\\/\"]}]},{\"@type\":\"BreadcrumbList\",\"@id\":\"https:\\\/\\\/biomex.de\\\/de\\\/life-sciences\\\/dienstleistungen\\\/krankheitsmodelle-grundlagenforschung\\\/#breadcrumb\",\"itemListElement\":[{\"@type\":\"ListItem\",\"position\":1,\"name\":\"Home\",\"item\":\"https:\\\/\\\/biomex.de\\\/de\\\/\"},{\"@type\":\"ListItem\",\"position\":2,\"name\":\"Life Sciences\",\"item\":\"https:\\\/\\\/biomex.de\\\/de\\\/life-sciences\\\/\"},{\"@type\":\"ListItem\",\"position\":3,\"name\":\"Dienstleistungen\",\"item\":\"https:\\\/\\\/biomex.de\\\/de\\\/life-sciences\\\/dienstleistungen\\\/\"},{\"@type\":\"ListItem\",\"position\":4,\"name\":\"Krankheitsmodelle &#038; Grundlagenforschung\"}]},{\"@type\":\"WebSite\",\"@id\":\"https:\\\/\\\/biomex.de\\\/de\\\/#website\",\"url\":\"https:\\\/\\\/biomex.de\\\/de\\\/\",\"name\":\"BIOMEX\",\"description\":\"EMPOWERING EXPERTS\",\"publisher\":{\"@id\":\"https:\\\/\\\/biomex.de\\\/de\\\/#organization\"},\"potentialAction\":[{\"@type\":\"SearchAction\",\"target\":{\"@type\":\"EntryPoint\",\"urlTemplate\":\"https:\\\/\\\/biomex.de\\\/de\\\/?s={search_term_string}\"},\"query-input\":{\"@type\":\"PropertyValueSpecification\",\"valueRequired\":true,\"valueName\":\"search_term_string\"}}],\"inLanguage\":\"de\"},{\"@type\":\"Organization\",\"@id\":\"https:\\\/\\\/biomex.de\\\/de\\\/#organization\",\"name\":\"BIOMEX\",\"url\":\"https:\\\/\\\/biomex.de\\\/de\\\/\",\"logo\":{\"@type\":\"ImageObject\",\"inLanguage\":\"de\",\"@id\":\"https:\\\/\\\/biomex.de\\\/de\\\/#\\\/schema\\\/logo\\\/image\\\/\",\"url\":\"https:\\\/\\\/biomex.de\\\/wp-content\\\/uploads\\\/2022\\\/11\\\/biomex_logo.svg\",\"contentUrl\":\"https:\\\/\\\/biomex.de\\\/wp-content\\\/uploads\\\/2022\\\/11\\\/biomex_logo.svg\",\"width\":334,\"height\":60,\"caption\":\"BIOMEX\"},\"image\":{\"@id\":\"https:\\\/\\\/biomex.de\\\/de\\\/#\\\/schema\\\/logo\\\/image\\\/\"}}]}<\/script>\n<!-- \/ Yoast SEO plugin. -->","yoast_head_json":{"title":"Krankheitsmodelle & Grundlagenforschung - BIOMEX","robots":{"index":"index","follow":"follow","max-snippet":"max-snippet:-1","max-image-preview":"max-image-preview:large","max-video-preview":"max-video-preview:-1"},"canonical":"https:\/\/biomex.de\/de\/life-sciences\/dienstleistungen\/krankheitsmodelle-grundlagenforschung\/","og_locale":"de_DE","og_type":"article","og_title":"Krankheitsmodelle & Grundlagenforschung - BIOMEX","og_description":"Krankheitsmodellierung &amp; Grundlagenforschung Die Krankheitsmodellierung und die Grundlagenforschung spielen eine entscheidende Rolle im Prozess der Arzneimittelentwicklung sowie bei der Entwicklung von Zell- und Gentherapien. Ziel der Krankheitsmodellierung ist es, Aspekte einer Krankheit in einer kontrollierten Umgebung, wie in vitro oder in vivo, nachzubilden. Dies erm\u00f6glicht die Untersuchung der zugrunde liegenden Krankheitsmechanismen, das Screening potenzieller therapeutischer Read More","og_url":"https:\/\/biomex.de\/de\/life-sciences\/dienstleistungen\/krankheitsmodelle-grundlagenforschung\/","og_site_name":"BIOMEX","article_modified_time":"2025-10-21T16:06:56+00:00","twitter_card":"summary_large_image","twitter_misc":{"Gesch\u00e4tzte Lesezeit":"2\u00a0Minuten"},"schema":{"@context":"https:\/\/schema.org","@graph":[{"@type":"WebPage","@id":"https:\/\/biomex.de\/de\/life-sciences\/dienstleistungen\/krankheitsmodelle-grundlagenforschung\/","url":"https:\/\/biomex.de\/de\/life-sciences\/dienstleistungen\/krankheitsmodelle-grundlagenforschung\/","name":"Krankheitsmodelle & Grundlagenforschung - BIOMEX","isPartOf":{"@id":"https:\/\/biomex.de\/de\/#website"},"datePublished":"2022-11-17T13:18:23+00:00","dateModified":"2025-10-21T16:06:56+00:00","breadcrumb":{"@id":"https:\/\/biomex.de\/de\/life-sciences\/dienstleistungen\/krankheitsmodelle-grundlagenforschung\/#breadcrumb"},"inLanguage":"de","potentialAction":[{"@type":"ReadAction","target":["https:\/\/biomex.de\/de\/life-sciences\/dienstleistungen\/krankheitsmodelle-grundlagenforschung\/"]}]},{"@type":"BreadcrumbList","@id":"https:\/\/biomex.de\/de\/life-sciences\/dienstleistungen\/krankheitsmodelle-grundlagenforschung\/#breadcrumb","itemListElement":[{"@type":"ListItem","position":1,"name":"Home","item":"https:\/\/biomex.de\/de\/"},{"@type":"ListItem","position":2,"name":"Life Sciences","item":"https:\/\/biomex.de\/de\/life-sciences\/"},{"@type":"ListItem","position":3,"name":"Dienstleistungen","item":"https:\/\/biomex.de\/de\/life-sciences\/dienstleistungen\/"},{"@type":"ListItem","position":4,"name":"Krankheitsmodelle &#038; Grundlagenforschung"}]},{"@type":"WebSite","@id":"https:\/\/biomex.de\/de\/#website","url":"https:\/\/biomex.de\/de\/","name":"BIOMEX","description":"EMPOWERING EXPERTS","publisher":{"@id":"https:\/\/biomex.de\/de\/#organization"},"potentialAction":[{"@type":"SearchAction","target":{"@type":"EntryPoint","urlTemplate":"https:\/\/biomex.de\/de\/?s={search_term_string}"},"query-input":{"@type":"PropertyValueSpecification","valueRequired":true,"valueName":"search_term_string"}}],"inLanguage":"de"},{"@type":"Organization","@id":"https:\/\/biomex.de\/de\/#organization","name":"BIOMEX","url":"https:\/\/biomex.de\/de\/","logo":{"@type":"ImageObject","inLanguage":"de","@id":"https:\/\/biomex.de\/de\/#\/schema\/logo\/image\/","url":"https:\/\/biomex.de\/wp-content\/uploads\/2022\/11\/biomex_logo.svg","contentUrl":"https:\/\/biomex.de\/wp-content\/uploads\/2022\/11\/biomex_logo.svg","width":334,"height":60,"caption":"BIOMEX"},"image":{"@id":"https:\/\/biomex.de\/de\/#\/schema\/logo\/image\/"}}]}},"_links":{"self":[{"href":"https:\/\/biomex.de\/de\/wp-json\/wp\/v2\/pages\/19653","targetHints":{"allow":["GET"]}}],"collection":[{"href":"https:\/\/biomex.de\/de\/wp-json\/wp\/v2\/pages"}],"about":[{"href":"https:\/\/biomex.de\/de\/wp-json\/wp\/v2\/types\/page"}],"author":[{"embeddable":true,"href":"https:\/\/biomex.de\/de\/wp-json\/wp\/v2\/users\/1"}],"replies":[{"embeddable":true,"href":"https:\/\/biomex.de\/de\/wp-json\/wp\/v2\/comments?post=19653"}],"version-history":[{"count":5,"href":"https:\/\/biomex.de\/de\/wp-json\/wp\/v2\/pages\/19653\/revisions"}],"predecessor-version":[{"id":19994,"href":"https:\/\/biomex.de\/de\/wp-json\/wp\/v2\/pages\/19653\/revisions\/19994"}],"up":[{"embeddable":true,"href":"https:\/\/biomex.de\/de\/wp-json\/wp\/v2\/pages\/19766"}],"wp:attachment":[{"href":"https:\/\/biomex.de\/de\/wp-json\/wp\/v2\/media?parent=19653"}],"curies":[{"name":"wp","href":"https:\/\/api.w.org\/{rel}","templated":true}]}}